{"id":190,"date":"2022-01-14T15:45:23","date_gmt":"2022-01-14T14:45:23","guid":{"rendered":"http:\/\/laressourcenaturellebyclaire.com\/?page_id=190"},"modified":"2026-03-10T17:31:19","modified_gmt":"2026-03-10T16:31:19","slug":"naturopathie","status":"publish","type":"page","link":"https:\/\/laressourcenaturellebyclaire.com\/index.php\/naturopathie\/","title":{"rendered":"Naturopathie"},"content":{"rendered":"<div data-colibri-id=\"190-c1\" class=\"style-847 style-local-190-c1 position-relative\">\n  <!---->\n  <div data-colibri-component=\"section\" data-colibri-id=\"190-c2\" id=\"content\" class=\"h-section h-section-global-spacing d-flex align-items-lg-center align-items-md-center align-items-center style-848 style-local-190-c2 position-relative\">\n    <!---->\n    <!---->\n    <div class=\"h-section-grid-container h-section-boxed-container\">\n      <!---->\n      <div data-colibri-id=\"190-c3\" class=\"h-row-container gutters-row-lg-2 gutters-row-md-2 gutters-row-0 gutters-row-v-lg-2 gutters-row-v-md-2 gutters-row-v-2 style-2152 style-local-190-c3 position-relative\">\n        <!---->\n        <div class=\"h-row justify-content-lg-center justify-content-md-center justify-content-center align-items-lg-stretch align-items-md-stretch align-items-stretch gutters-col-lg-2 gutters-col-md-2 gutters-col-0 gutters-col-v-lg-2 gutters-col-v-md-2 gutters-col-v-2\">\n          <!---->\n          <div class=\"h-column h-column-container d-flex h-col-lg-auto h-col-md-auto h-col-auto style-2153-outer style-local-190-c4-outer\">\n            <div data-colibri-id=\"190-c4\" class=\"d-flex h-flex-basis h-column__inner h-px-lg-2 h-px-md-2 h-px-2 v-inner-lg-2 v-inner-md-2 v-inner-2 style-2153 style-local-190-c4 position-relative\">\n              <!---->\n              <!---->\n              <div class=\"w-100 h-y-container h-column__content h-column__v-align flex-basis-100 align-self-lg-start align-self-md-start align-self-start\">\n                <!---->\n                <div data-colibri-id=\"190-c5\" class=\"h-text h-text-component style-2155 style-local-190-c5 position-relative h-element\">\n                  <!---->\n                  <!---->\n                  <div class=\"\">\n                    <p>La naturopathie vous permet de (re)devenir acteur de votre sant\u00e9, de comprendre vos troubles et d\u00e9s\u00e9quilibres et de trouver leurs causes. La naturopathie c&rsquo;est la sant\u00e9 au naturel, en utlisant: l&rsquo;alimentation, les exercices physiques,\n                      la relaxation, les plantes etc. et en prenant en consid\u00e9ration votre environnement de vie.&nbsp;<\/p>\n                    <p>Je vous accompagne au cabinet ou en ligne pour retrouver l&rsquo;\u00e9quilibre et l&rsquo;harmonie au sein de votre corps.<\/p>\n                  <\/div>\n                <\/div>\n              <\/div>\n            <\/div>\n          <\/div>\n        <\/div>\n      <\/div>\n      <div data-colibri-id=\"190-c6\" class=\"h-row-container gutters-row-lg-0 gutters-row-md-0 gutters-row-2 gutters-row-v-lg-0 gutters-row-v-md-0 gutters-row-v-2 style-849 style-local-190-c6 position-relative\">\n        <!---->\n        <div class=\"h-row justify-content-lg-center justify-content-md-center justify-content-center align-items-lg-stretch align-items-md-stretch align-items-stretch gutters-col-lg-0 gutters-col-md-0 gutters-col-2 gutters-col-v-lg-0 gutters-col-v-md-0 gutters-col-v-2\">\n          <!---->\n          <div class=\"h-column h-column-container d-flex h-col-lg-12 h-col-md-12 h-col-12 style-850-outer style-local-190-c7-outer\">\n            <div data-colibri-id=\"190-c7\" class=\"d-flex h-flex-basis h-column__inner h-px-lg-0 h-px-md-0 h-px-0 v-inner-lg-0 v-inner-md-0 v-inner-0 style-850 style-local-190-c7 position-relative\">\n              <!---->\n              <!---->\n              <div class=\"w-100 h-y-container h-column__content h-column__v-align flex-basis-100 align-self-lg-start align-self-md-start align-self-start\">\n                <!---->\n                <div data-colibri-id=\"190-c8\" class=\"h-global-transition-all h-heading style-851 style-local-190-c8 position-relative h-element\">\n                  <!---->\n                  <div class=\"h-heading__outer style-851 style-local-190-c8\">\n                    <!---->\n                    <!---->\n                    <h2 class=\"\"><span style=\"font-family: Muli; color: rgb(165, 186, 179);\">Naturopathie<\/span><\/h2>\n                  <\/div>\n                <\/div>\n                <div data-colibri-id=\"190-c9\" class=\"h-text h-text-component style-2155 style-local-190-c9 position-relative h-element\">\n                  <!---->\n                  <!---->\n                  <div class=\"\">\n                    <p>L\u2019Organisation Mondiale de la Sant\u00e9 d\u00e9finit la naturopathie comme une m\u00e9decine traditionnelle mill\u00e9naire.<\/p>\n                    <p>L\u2019approche naturopathique vise \u00e0 maintenir l\u2019\u00e9quilibre de l\u2019organisme par des voies essentiellement naturelles et de rechercher les causes qui sont \u00e0 l\u2019origine d\u2019un d\u00e9s\u00e9quilibre et cela gr\u00e2ce \u00e0 l\u2019alimentation, l\u2019exercice physique,\n                      la psycho-relaxation, l\u2019utilisation de l\u2019eau, les plantes, la r\u00e9flexologie, le massage.<\/p>\n                    <p>Le naturopathe transmet \u00e0 son client un ensemble de r\u00e8gles de vie individualis\u00e9es (programme d\u2019hygi\u00e8ne vital) permettant \u00e0 son corps de retrouver par lui-m\u00eame son \u00e9tat d\u2019\u00e9quilibre et permet ainsi au client de le rendre acteur de sa\n                      sant\u00e9.<\/p>\n                  <\/div>\n                <\/div>\n              <\/div>\n            <\/div>\n          <\/div>\n        <\/div>\n      <\/div>\n      <div data-colibri-id=\"190-c10\" class=\"h-row-container gutters-row-lg-2 gutters-row-md-2 gutters-row-0 gutters-row-v-lg-2 gutters-row-v-md-2 gutters-row-v-2 style-2843 style-local-190-c10 position-relative\">\n        <!---->\n        <div class=\"h-row justify-content-lg-center justify-content-md-center justify-content-center align-items-lg-stretch align-items-md-stretch align-items-stretch gutters-col-lg-2 gutters-col-md-2 gutters-col-0 gutters-col-v-lg-2 gutters-col-v-md-2 gutters-col-v-2\">\n          <!---->\n          <div class=\"h-column h-column-container d-flex h-col-lg-auto h-col-md-auto h-col-auto style-2844-outer style-local-190-c11-outer\">\n            <div data-colibri-id=\"190-c11\" class=\"d-flex h-flex-basis h-column__inner h-px-lg-2 h-px-md-2 h-px-2 v-inner-lg-2 v-inner-md-2 v-inner-2 style-2844 style-local-190-c11 position-relative\">\n              <!---->\n              <!---->\n              <div class=\"w-100 h-y-container h-column__content h-column__v-align flex-basis-100 align-self-lg-start align-self-md-start align-self-start\">\n                <!---->\n                <div data-colibri-id=\"190-c12\" class=\"h-text h-text-component style-2845 style-local-190-c12 position-relative h-element\">\n                  <!---->\n                  <!---->\n                  <div class=\"\">\n                    <p><strong style=\"color: rgb(70, 112, 127); font-family: &quot;Open Sans&quot;; font-size: 16px;\">Politique d\u2019annulation<\/strong>\n                      <br><span style=\"color: rgb(70, 112, 127); font-family: &quot;Open Sans&quot;; font-size: 16px; font-weight: 400;\">Tout rendez-vous&nbsp;<\/span><strong style=\"color: rgb(70, 112, 127); font-family: &quot;Open Sans&quot;; font-size: 16px;\">non annul\u00e9 au moins 24h \u00e0 l\u2019avance sera d\u00fb<\/strong>\n                      <span\n                        style=\"color: rgb(70, 112, 127); font-family: &quot;Open Sans&quot;; font-size: 16px; font-weight: 400;\">.<\/span>\n                        <br><span style=\"color: rgb(70, 112, 127); font-family: &quot;Open Sans&quot;; font-size: 16px; font-weight: 400;\">Merci de votre compr\u00e9hension.<\/span><\/p>\n                  <\/div>\n                <\/div>\n              <\/div>\n            <\/div>\n          <\/div>\n        <\/div>\n      <\/div>\n    <\/div>\n  <\/div>\n  <div data-colibri-component=\"section\" data-colibri-id=\"190-c13\" id=\"about-5\" class=\"h-section h-section-global-spacing d-flex align-items-lg-center align-items-md-center align-items-center style-1115 style-local-190-c13 position-relative\">\n    <!---->\n    <!---->\n    <div class=\"h-section-grid-container h-section-boxed-container\">\n      <!---->\n      <div data-colibri-id=\"190-c14\" class=\"h-row-container gutters-row-lg-0 gutters-row-md-0 gutters-row-0 gutters-row-v-lg-0 gutters-row-v-md-0 gutters-row-v-0 style-1116 style-local-190-c14 position-relative\">\n        <!---->\n        <div class=\"h-row justify-content-lg-center justify-content-md-center justify-content-center align-items-lg-stretch align-items-md-stretch align-items-stretch gutters-col-lg-0 gutters-col-md-0 gutters-col-0 gutters-col-v-lg-0 gutters-col-v-md-0 gutters-col-v-0\">\n          <!---->\n          <div class=\"h-column h-column-container d-flex h-col-lg-auto h-col-md-auto h-col-auto style-1117-outer style-local-190-c15-outer\">\n            <div data-colibri-id=\"190-c15\" class=\"d-flex h-flex-basis h-column__inner h-ui-empty-state-container h-px-lg-0 h-px-md-0 h-px-0 v-inner-lg-0 v-inner-md-0 v-inner-0 style-1117 style-local-190-c15 position-relative\">\n              <!---->\n              <!---->\n              <div class=\"w-100 h-y-container h-column__content h-column__v-align flex-basis-100\">\n                <!---->\n              <\/div>\n            <\/div>\n          <\/div>\n          <div class=\"h-column h-column-container d-flex h-col-lg-auto h-col-md-auto h-col-auto style-1118-outer style-local-190-c16-outer\">\n            <div data-colibri-id=\"190-c16\" class=\"d-flex h-flex-basis h-column__inner h-px-lg-2 h-px-md-2 h-px-2 v-inner-lg-2 v-inner-md-2 v-inner-2 style-1118 style-local-190-c16 position-relative\">\n              <!---->\n              <!---->\n              <div class=\"w-100 h-y-container h-column__content h-column__v-align flex-basis-100 align-self-lg-start align-self-md-start align-self-start\">\n                <!---->\n                <div data-colibri-id=\"190-c17\" class=\"h-global-transition-all h-heading style-867 style-local-190-c17 position-relative h-element\">\n                  <!---->\n                  <div class=\"h-heading__outer style-867 style-local-190-c17\">\n                    <!---->\n                    <!---->\n                    <h2 class=\"\"><span style=\"color: rgb(165, 186, 179); font-family: Muli; font-weight: 300;\">Quand consulter?<\/span><\/h2>\n                  <\/div>\n                <\/div>\n                <div data-colibri-id=\"190-c18\" class=\"h-text h-text-component style-2155 style-local-190-c18 position-relative h-element\">\n                  <!---->\n                  <!---->\n                  <div class=\"\">\n                    <p>Pour retrouver l\u2019harmonie au sein de votre corps.<\/p>\n                    <p>\u2022 Du c\u00f4t\u00e9 de la digestion : probl\u00e8mes li\u00e9s au transit (diarrh\u00e9e, constipation), ballonnements, gaz, haleine forte etc.<\/p>\n                    <p>\u2022 Du c\u00f4t\u00e9 du stress : gestion du stress, insomnie, anxi\u00e9t\u00e9, pr\u00e9paration \u00e0 un examen etc.<\/p>\n                    <p>\u2022 Du c\u00f4t\u00e9 de l\u2019\u00e9nergie : retrouver votre vitalit\u00e9, optimiser vos performances sportives etc.<\/p>\n                    <p>\u2022 Du c\u00f4t\u00e9 de l\u2019immunit\u00e9 : se pr\u00e9parer \u00e0 l\u2019hiver, booster votre immunit\u00e9 etc.<\/p>\n                    <p>\u2022 Du c\u00f4t\u00e9 des femmes : troubles pr\u00e9menstruelles, p\u00e9riode de pr\u00e9m\u00e9nopause, m\u00e9nopause, endom\u00e9triose, pr\u00e9parer un projet de conception d\u2019enfant etc.<\/p>\n                    <p>\u2022 Du c\u00f4t\u00e9 du poids : retrouver votre poids d\u2019\u00e9quilibre, se remettre au sport, adopter une alimentation individualis\u00e9e etc.<\/p>\n                    <p>En tant que naturopathe certifi\u00e9e du Coll\u00e8ge Europ\u00e9en de Naturopathie Traditionnelle Holistique (CENATHO), je serai \u00e0 votre \u00e9coute afin de mettre en place ensemble un programme d\u2019hygi\u00e8ne vital sur-mesure, en fonction de vos possibilit\u00e9s,\n                      de votre temps, de votre motivation et de vos besoins.<\/p>\n                  <\/div>\n                <\/div>\n                <div data-colibri-id=\"190-c19\" class=\"h-x-container style-1958 style-local-190-c19 position-relative h-element\">\n                  <!---->\n                  <div class=\"h-x-container-inner style-dynamic-190-c19-group style-1958-spacing style-local-190-c19-spacing\"><span class=\"h-button__outer style-1638-outer style-local-190-c20-outer d-inline-flex h-element\"><a h-use-smooth-scroll=\"true\" href=\"mailto:clairemaulave@gmail.com\"  data-colibri-id=\"190-c20\" class=\"d-flex w-100 align-items-center h-button justify-content-lg-center justify-content-md-center justify-content-center style-1638 style-local-190-c20 position-relative\"><!----><!----> <span>Vous avez des questions ? Cliquez ici !<\/span><\/a>\n                    <\/span>\n                  <\/div>\n                <\/div>\n              <\/div>\n            <\/div>\n          <\/div>\n        <\/div>\n      <\/div>\n    <\/div>\n  <\/div>\n  <div data-colibri-component=\"section\" data-colibri-id=\"190-c21\" id=\"about\" class=\"h-section h-section-global-spacing d-flex align-items-lg-center align-items-md-center align-items-center style-868 style-local-190-c21 position-relative\">\n    <!---->\n    <!---->\n    <div class=\"h-section-grid-container h-section-boxed-container\">\n      <!---->\n      <div data-colibri-id=\"190-c22\" class=\"h-row-container gutters-row-lg-0 gutters-row-md-0 gutters-row-0 gutters-row-v-lg-0 gutters-row-v-md-0 gutters-row-v-0 style-869 style-local-190-c22 position-relative\">\n        <!---->\n        <div class=\"h-row justify-content-lg-center justify-content-md-center justify-content-center align-items-lg-stretch align-items-md-stretch align-items-stretch gutters-col-lg-0 gutters-col-md-0 gutters-col-0 gutters-col-v-lg-0 gutters-col-v-md-0 gutters-col-v-0\">\n          <!---->\n          <div class=\"h-column h-column-container d-flex h-col-lg-auto h-col-md-auto h-col-auto style-870-outer style-local-190-c23-outer\">\n            <div data-colibri-id=\"190-c23\" class=\"d-flex h-flex-basis h-column__inner h-ui-empty-state-container h-px-lg-0 h-px-md-0 h-px-0 v-inner-lg-0 v-inner-md-0 v-inner-0 style-870 style-local-190-c23 position-relative\">\n              <!---->\n              <!---->\n              <div class=\"w-100 h-y-container h-column__content h-column__v-align flex-basis-100\">\n                <!---->\n              <\/div>\n            <\/div>\n          <\/div>\n          <div class=\"h-column h-column-container d-flex h-col-lg-auto h-col-md-auto h-col-auto style-871-outer style-local-190-c24-outer\">\n            <div data-colibri-id=\"190-c24\" class=\"d-flex h-flex-basis h-column__inner h-px-lg-2 h-px-md-2 h-px-2 v-inner-lg-2 v-inner-md-2 v-inner-2 style-871 style-local-190-c24 position-relative\">\n              <!---->\n              <!---->\n              <div class=\"w-100 h-y-container h-column__content h-column__v-align flex-basis-100 align-self-lg-start align-self-md-start align-self-start\">\n                <!---->\n                <div data-colibri-id=\"190-c25\" class=\"h-global-transition-all h-heading style-872 style-local-190-c25 position-relative h-element\">\n                  <!---->\n                  <div class=\"h-heading__outer style-872 style-local-190-c25\">\n                    <!---->\n                    <!---->\n                    <h2 class=\"\"><span style=\"color: rgb(165, 186, 179); font-family: Muli;\">Premi\u00e8re consultation de naturopathie<\/span><\/h2>\n                  <\/div>\n                <\/div>\n                <div data-colibri-id=\"190-c26\" class=\"h-text h-text-component style-2155 style-local-190-c26 position-relative h-element\">\n                  <!---->\n                  <!---->\n                  <div class=\"\">\n                    <p>La premi\u00e8re consultation dure g\u00e9n\u00e9ralement autour d\u20191h30. Nous \u00e9changeons autour d\u2019un questionnaire assez pr\u00e9cis sur vos habitudes de vie et vos probl\u00e9matiques que vous rencontrez. Puis j\u2019observe votre visage, vos mains, vos yeux et\n                      je prends vos pouls chinois afin de mieux vous connaitre.<\/p>\n                    <p>A l\u2019issu de tout cela et apr\u00e8s discussion avec vous, je vous conseille quelques axes de changements pour que vous puissiez atteindre la cible, l\u2019objectif que vous avez fix\u00e9 et qui est votre motif de consultation.<\/p>\n                    <p>Ce programme d\u2019hygi\u00e8ne vital (PHV) comprendra des conseils : alimentaires, d\u2019exercices physiques, des cl\u00e9s de psycho-relaxation, parfois des compl\u00e9ments alimentaires naturels individualis\u00e9s et des autres techniques susceptibles d\u2019accomplir\n                      votre objectif\/motif de consultation.<\/p>\n                    <p>Le prix est de 80\u20ac pour 1h30 au cabinet.<\/p>\n                  <\/div>\n                <\/div>\n                <div data-colibri-id=\"190-c27\" class=\"h-x-container style-1343 style-local-190-c27 position-relative h-element\">\n                  <!---->\n                  <div class=\"h-x-container-inner style-dynamic-190-c27-group style-1343-spacing style-local-190-c27-spacing\"><span class=\"h-button__outer style-1344-outer style-local-190-c28-outer d-inline-flex h-element\"><a h-use-smooth-scroll=\"true\" href=\"mailto:clairemaulave@gmail.com\"  data-colibri-id=\"190-c28\" class=\"d-flex w-100 align-items-center h-button justify-content-lg-center justify-content-md-center justify-content-center style-1344 style-local-190-c28 position-relative\"><!----><!----> <span>Contactez moi pour r\u00e9server<\/span><\/a>\n                    <\/span>\n                  <\/div>\n                <\/div>\n              <\/div>\n            <\/div>\n          <\/div>\n        <\/div>\n      <\/div>\n    <\/div>\n  <\/div>\n  <div data-colibri-component=\"section\" data-colibri-id=\"190-c29\" id=\"about-2\" class=\"h-section h-section-global-spacing d-flex align-items-lg-center align-items-md-center align-items-center style-875 style-local-190-c29 position-relative\">\n    <!---->\n    <!---->\n    <div class=\"h-section-grid-container h-section-boxed-container\">\n      <!---->\n      <div data-colibri-id=\"190-c30\" class=\"h-row-container gutters-row-lg-0 gutters-row-md-0 gutters-row-0 gutters-row-v-lg-0 gutters-row-v-md-0 gutters-row-v-0 style-876 style-local-190-c30 position-relative\">\n        <!---->\n        <div class=\"h-row justify-content-lg-center justify-content-md-center justify-content-center align-items-lg-stretch align-items-md-stretch align-items-stretch gutters-col-lg-0 gutters-col-md-0 gutters-col-0 gutters-col-v-lg-0 gutters-col-v-md-0 gutters-col-v-0\">\n          <!---->\n          <div class=\"h-column h-column-container d-flex h-col-lg-6 h-col-md-6 h-col-12 style-877-outer style-local-190-c31-outer\">\n            <div data-colibri-id=\"190-c31\" class=\"d-flex h-flex-basis h-column__inner h-px-lg-0 h-px-md-0 h-px-0 v-inner-lg-0 v-inner-md-0 v-inner-0 style-877 style-local-190-c31 position-relative\">\n              <!---->\n              <!---->\n              <div class=\"w-100 h-y-container h-column__content h-column__v-align flex-basis-100 align-self-lg-start align-self-md-start align-self-start\">\n                <!---->\n                <div data-colibri-id=\"190-c32\" class=\"h-global-transition-all h-heading style-878 style-local-190-c32 position-relative h-element\">\n                  <!---->\n                  <div class=\"h-heading__outer style-878 style-local-190-c32\">\n                    <!---->\n                    <!---->\n                    <h2 class=\"\"><span style=\"color: rgb(165, 186, 179); font-family: Muli;\">Consultation de suivi naturopathique<\/span><\/h2>\n                  <\/div>\n                <\/div>\n                <div data-colibri-id=\"190-c33\" class=\"h-x-container style-1359 style-local-190-c33 position-relative h-element\">\n                  <!---->\n                  <div class=\"h-x-container-inner style-dynamic-190-c33-group style-1359-spacing style-local-190-c33-spacing\"><span class=\"h-button__outer style-1360-outer style-local-190-c34-outer d-inline-flex h-element\"><a h-use-smooth-scroll=\"true\" href=\"mailto:clairemaulave@gmail.com\"  data-colibri-id=\"190-c34\" class=\"d-flex w-100 align-items-center h-button justify-content-lg-center justify-content-md-center justify-content-center style-1360 style-local-190-c34 position-relative\"><!----><!----> <span>Contactez moi pour r\u00e9server<\/span><\/a>\n                    <\/span>\n                  <\/div>\n                <\/div>\n                <div data-colibri-id=\"190-c35\" class=\"h-text h-text-component style-2155 style-local-190-c35 position-relative h-element\">\n                  <!---->\n                  <!---->\n                  <div class=\"\">\n                    <p>Lors du premier rendez-vous, je vous remets un PHV dont la dur\u00e9e d\u2019application variera selon votre objectif\/motif de consultation.<\/p>\n                    <p>A noter qu\u2019en travaillant sur votre terrain nous cherchons \u00e0 retrouver l\u2019\u00e9quilibre et l\u2019harmonie au sein de votre corps, par cons\u00e9quent les r\u00e9sultats sont plus longs qu\u2019en suivant un traitement anti-symptomatique.<\/p>\n                    <p>N\u00e9anmoins, en suivant le PHV conseill\u00e9, un mieux-\u00eatre est observ\u00e9 au cours du premier mois d\u2019application.<\/p>\n                    <p>Ce rendez-vous de suivi permet de faire le point ensemble sur le PHV et de discuter des am\u00e9liorations\/corrections si n\u00e9cessaires de votre programme pour le futur.<\/p>\n                    <p>Selon votre objectif\/motif de consultation, une s\u00e9ance de psycho-relaxation, respiration, postures, r\u00e9flexologie, massage peut \u00eatre envisag\u00e9e.<\/p>\n                    <p>Un rendez-vous de suivi peut \u00eatre r\u00e9serv\u00e9 dans les 6 mois suivant la premi\u00e8re consultation. Le rendez-vous de suivi dure 1h est \u00e0 65\u20ac.\n                      <br> Au-del\u00e0 de ce d\u00e9lai de 6 mois, le suivi sera consid\u00e9r\u00e9 comme une nouvelle premi\u00e8re consultation d\u2019une dur\u00e9e de 1h30 au tarif de 80 \u20ac.<\/p>\n                  <\/div>\n                <\/div>\n              <\/div>\n            <\/div>\n          <\/div>\n          <div class=\"h-column h-column-container d-flex h-col-lg-6 h-col-md-6 h-col-12 style-881-outer style-local-190-c36-outer\">\n            <div data-colibri-id=\"190-c36\" class=\"d-flex h-flex-basis h-column__inner h-ui-empty-state-container h-px-lg-2 h-px-md-2 h-px-2 v-inner-lg-2 v-inner-md-2 v-inner-2 style-881 style-local-190-c36 position-relative\">\n              <!---->\n              <!---->\n              <div class=\"w-100 h-y-container h-column__content h-column__v-align flex-basis-100\">\n                <!---->\n              <\/div>\n            <\/div>\n          <\/div>\n        <\/div>\n      <\/div>\n    <\/div>\n  <\/div>\n<\/div>","protected":false},"excerpt":{"rendered":"<p>La naturopathie vous permet de (re)devenir acteur de votre sant\u00e9, de comprendre vos troubles et d\u00e9s\u00e9quilibres et de trouver leurs causes. La naturopathie c&rsquo;est la sant\u00e9 au naturel, en utlisant: l&rsquo;alimentation, les exercices physiques, la relaxation, les plantes etc. et en prenant en consid\u00e9ration votre environnement de vie.&nbsp; Je vous accompagne au cabinet ou en [&hellip;]<\/p>\n","protected":false},"author":1,"featured_media":0,"parent":0,"menu_order":0,"comment_status":"closed","ping_status":"closed","template":"page-templates\/full-width-page.php","meta":{"_seopress_robots_primary_cat":"","_seopress_titles_title":"","_seopress_titles_desc":"","_seopress_robots_index":"","footnotes":""},"class_list":["post-190","page","type-page","status-publish","hentry"],"_links":{"self":[{"href":"https:\/\/laressourcenaturellebyclaire.com\/index.php\/wp-json\/wp\/v2\/pages\/190","targetHints":{"allow":["GET"]}}],"collection":[{"href":"https:\/\/laressourcenaturellebyclaire.com\/index.php\/wp-json\/wp\/v2\/pages"}],"about":[{"href":"https:\/\/laressourcenaturellebyclaire.com\/index.php\/wp-json\/wp\/v2\/types\/page"}],"author":[{"embeddable":true,"href":"https:\/\/laressourcenaturellebyclaire.com\/index.php\/wp-json\/wp\/v2\/users\/1"}],"replies":[{"embeddable":true,"href":"https:\/\/laressourcenaturellebyclaire.com\/index.php\/wp-json\/wp\/v2\/comments?post=190"}],"version-history":[{"count":20,"href":"https:\/\/laressourcenaturellebyclaire.com\/index.php\/wp-json\/wp\/v2\/pages\/190\/revisions"}],"predecessor-version":[{"id":6146,"href":"https:\/\/laressourcenaturellebyclaire.com\/index.php\/wp-json\/wp\/v2\/pages\/190\/revisions\/6146"}],"wp:attachment":[{"href":"https:\/\/laressourcenaturellebyclaire.com\/index.php\/wp-json\/wp\/v2\/media?parent=190"}],"curies":[{"name":"wp","href":"https:\/\/api.w.org\/{rel}","templated":true}]}}